{"id":177,"date":"2025-03-21T01:36:26","date_gmt":"2025-03-21T01:36:26","guid":{"rendered":"https:\/\/crisafullipeinture.ch\/?page_id=177"},"modified":"2025-03-21T01:39:49","modified_gmt":"2025-03-21T01:39:49","slug":"politique-de-confidentialite","status":"publish","type":"page","link":"https:\/\/crisafullipeinture.ch\/de\/politique-de-confidentialite\/","title":{"rendered":"Datenschutzrichtlinie"},"content":{"rendered":"<div data-elementor-type=\"wp-page\" data-elementor-id=\"177\" class=\"elementor elementor-177\" data-elementor-post-type=\"page\">\n\t\t\t\t<div class=\"elementor-element elementor-element-20a14f5 e-con-full e-flex e-con e-parent\" data-id=\"20a14f5\" data-element_type=\"container\" data-e-type=\"container\" data-settings=\"{&quot;background_background&quot;:&quot;classic&quot;}\">\n\t\t<div class=\"elementor-element elementor-element-03678f2 e-con-full e-flex e-con e-child\" data-id=\"03678f2\" data-element_type=\"container\" data-e-type=\"container\" data-settings=\"{&quot;background_background&quot;:&quot;classic&quot;}\">\n\t\t\t\t<\/div>\n\t\t<div class=\"elementor-element elementor-element-2c72d81 e-con-full e-flex e-con e-child\" data-id=\"2c72d81\" data-element_type=\"container\" data-e-type=\"container\" data-settings=\"{&quot;background_background&quot;:&quot;classic&quot;}\">\n\t\t\t\t<div class=\"elementor-element elementor-element-eed6938 elementor-widget__width-initial elementor-widget elementor-widget-heading\" data-id=\"eed6938\" data-element_type=\"widget\" data-e-type=\"widget\" data-widget_type=\"heading.default\">\n\t\t\t\t<div class=\"elementor-widget-container\">\n\t\t\t\t\t<h1 class=\"elementor-heading-title elementor-size-default\">Datenschutzrichtlinie<\/h1>\t\t\t\t<\/div>\n\t\t\t\t<\/div>\n\t\t\t\t<\/div>\n\t\t\t\t<\/div>\n\t\t<div class=\"elementor-element elementor-element-01e9e07 e-flex e-con-boxed e-con e-parent\" data-id=\"01e9e07\" data-element_type=\"container\" data-e-type=\"container\">\n\t\t\t\t\t<div class=\"e-con-inner\">\n\t\t\t\t<div class=\"elementor-element elementor-element-fda8c02 elementor-widget elementor-widget-text-editor\" data-id=\"fda8c02\" data-element_type=\"widget\" data-e-type=\"widget\" data-widget_type=\"text-editor.default\">\n\t\t\t\t<div class=\"elementor-widget-container\">\n\t\t\t\t\t\t\t\t\t<p data-start=\"308\" data-end=\"345\">Datum der letzten Aktualisierung: 21.03.2025<\/p><p data-start=\"347\" data-end=\"686\"><strong data-start=\"347\" data-end=\"363\">Einf\u00fchrung<\/strong><br data-start=\"363\" data-end=\"366\" \/>Willkommen auf der Website von Cosimo Crisafulli Peinture S\u00e0rl mit Sitz in Route du Sergnou 177, 1978 Lens. Wir verpflichten uns, die Privatsph\u00e4re unserer Kunden und Besucher unserer Website zu sch\u00fctzen. Diese Datenschutzrichtlinie erl\u00e4utert, wie wir Ihre pers\u00f6nlichen Informationen sammeln, verwenden und sch\u00fctzen.<\/p><p data-start=\"688\" data-end=\"1066\"><strong data-start=\"688\" data-end=\"728\">Artikel 1: Sammlung von Informationen<\/strong><br data-start=\"728\" data-end=\"731\" \/>Wir erfassen pers\u00f6nliche Informationen wie Ihren Namen, Ihre E-Mail-Adresse, Telefonnummer und Postanschrift, wenn Sie uns kontaktieren, um einen Kostenvoranschlag anzufordern, eine Dienstleistung zu buchen oder beim Kauf von Produkten. Diese Informationen sind wichtig, um Ihnen unsere Dienstleistungen im Bereich Malerei und Dekoration anbieten zu k\u00f6nnen.<\/p><p data-start=\"1068\" data-end=\"1165\"><strong data-start=\"1068\" data-end=\"1111\">Artikel 2: Nutzung der Informationen<\/strong><br data-start=\"1111\" data-end=\"1114\" \/>Die gesammelten Informationen werden verwendet, um :<\/p><ul data-start=\"1166\" data-end=\"1456\"><li data-start=\"1166\" data-end=\"1223\">Ihre Bestellungen zu verwalten und die angeforderten Dienstleistungen zu erbringen.<\/li><li data-start=\"1224\" data-end=\"1302\">Mit Ihnen \u00fcber Ihre Malprojekte und Buchungen kommunizieren.<\/li><li data-start=\"1303\" data-end=\"1357\">Verbesserung unserer Dienstleistungen und Ihrer Kundenerfahrung.<\/li><li data-start=\"1358\" data-end=\"1456\">Senden von Werbeaktionen und Updates zu unseren Diensten, vorbehaltlich Ihrer Zustimmung.<\/li><\/ul><p data-start=\"1458\" data-end=\"1759\"><strong data-start=\"1458\" data-end=\"1497\">Artikel 3: Weitergabe von Informationen<\/strong><br data-start=\"1497\" data-end=\"1500\" \/>Wir geben Ihre pers\u00f6nlichen Informationen nur dann an Dritte weiter, wenn dies zur Erbringung unserer Dienstleistungen erforderlich ist oder wenn es gesetzlich vorgeschrieben ist. Wir verpflichten uns, Ihre Informationen nicht zu verkaufen, zu vermieten oder f\u00fcr nicht genehmigte kommerzielle Zwecke weiterzugeben.<\/p><p data-start=\"1761\" data-end=\"2068\"><strong data-start=\"1761\" data-end=\"1808\">Artikel 4: Datenspeicherung und -sicherheit<\/strong><br data-start=\"1808\" data-end=\"1811\" \/>Ihre pers\u00f6nlichen Daten werden sicher gespeichert und sind vor unbefugtem Zugriff, unsachgem\u00e4\u00dfer Verwendung oder Offenlegung gesch\u00fctzt. Wir setzen technische und organisatorische Sicherheitsma\u00dfnahmen ein, um Ihre Daten zu sch\u00fctzen.<\/p><p data-start=\"2070\" data-end=\"2434\"><strong data-start=\"2070\" data-end=\"2108\">Artikel 5: Rechte der Nutzerinnen und Nutzer<\/strong><br data-start=\"2108\" data-end=\"2111\" \/>Gem\u00e4\u00df den geltenden Gesetzen haben Sie das Recht, Zugang zu Ihren personenbezogenen Daten zu verlangen, sie zu korrigieren, ihre L\u00f6schung zu beantragen oder ihre Verarbeitung einzuschr\u00e4nken. Um diese Rechte auszu\u00fcben oder wenn Sie Fragen zu unserem Umgang mit Ihren Daten haben, wenden Sie sich bitte unter der unten angegebenen Adresse an uns.<\/p><p data-start=\"2436\" data-end=\"2805\"><strong data-start=\"2436\" data-end=\"2471\">Artikel 6: Cookie-Richtlinie<\/strong><br data-start=\"2471\" data-end=\"2474\" \/>Unsere Website verwendet Cookies, um Ihr Surferlebnis zu verbessern und Informationen \u00fcber die Nutzung unserer Website zu sammeln. Einzelheiten \u00fcber unsere Verwendung von Cookies und Ihre Wahlm\u00f6glichkeiten in Bezug auf Cookies finden Sie auf unserer <a rel=\"noopener\" data-start=\"2734\" data-end=\"2804\">Cookie Policy Page<\/a>.<\/p><p data-start=\"2807\" data-end=\"3164\"><strong data-start=\"2807\" data-end=\"2873\">Artikel 7: \u00c4nderungen dieser Datenschutzrichtlinie<\/strong><br data-start=\"2873\" data-end=\"2876\" \/>Wir k\u00f6nnen diese Datenschutzrichtlinie von Zeit zu Zeit \u00fcberarbeiten, um \u00c4nderungen in unseren Praktiken oder aus anderen betrieblichen, rechtlichen oder regulatorischen Gr\u00fcnden widerzuspiegeln. Wir empfehlen Ihnen, diese Seite regelm\u00e4\u00dfig zu besuchen, um \u00fcber Aktualisierungen informiert zu bleiben.<\/p><p data-start=\"3166\" data-end=\"3433\"><strong data-start=\"3166\" data-end=\"3177\">Kontakt<\/strong><br data-start=\"3177\" data-end=\"3180\" \/>Wenn Sie Fragen zu dieser Datenschutzrichtlinie haben oder Ihre Rechte aus\u00fcben m\u00f6chten, wenden Sie sich bitte an :<br data-start=\"3294\" data-end=\"3297\" \/>Cosimo Crisafulli Peinture S\u00e0rl (Malerei GmbH)<br data-start=\"3328\" data-end=\"3331\" \/>Route du Sergnou 177, 1978 Lens<br data-start=\"3362\" data-end=\"3365\" \/>Telefon: +41 (0) 79 221 75 18<br data-start=\"3398\" data-end=\"3401\" \/>E-Mail: <a rel=\"noopener\" data-start=\"3409\" data-end=\"3433\">contact@cosimocrisafulli.ch<\/a><\/p>\t\t\t\t\t\t\t\t<\/div>\n\t\t\t\t<\/div>\n\t\t\t\t\t<\/div>\n\t\t\t\t<\/div>\n\t\t\t\t<\/div>","protected":false},"excerpt":{"rendered":"<p>Datenschutzrichtlinie Datum der letzten Aktualisierung: 21.03.2025 EinleitungWillkommen auf der Website von Cosimo Crisafulli Peinture S\u00e0rl, mit Sitz in Route du Sergnou 177, 1978 Lens. Wir verpflichten uns, die Privatsph\u00e4re unserer Kunden und Besucher unserer Website zu sch\u00fctzen. Diese Datenschutzrichtlinie erl\u00e4utert, wie wir Daten sammeln, verwenden und sch\u00fctzen [...].<\/p>","protected":false},"author":1,"featured_media":0,"parent":0,"menu_order":0,"comment_status":"closed","ping_status":"closed","template":"","meta":{"footnotes":""},"class_list":["post-177","page","type-page","status-publish","hentry"],"aioseo_notices":[],"_links":{"self":[{"href":"https:\/\/crisafullipeinture.ch\/de\/wp-json\/wp\/v2\/pages\/177","targetHints":{"allow":["GET"]}}],"collection":[{"href":"https:\/\/crisafullipeinture.ch\/de\/wp-json\/wp\/v2\/pages"}],"about":[{"href":"https:\/\/crisafullipeinture.ch\/de\/wp-json\/wp\/v2\/types\/page"}],"author":[{"embeddable":true,"href":"https:\/\/crisafullipeinture.ch\/de\/wp-json\/wp\/v2\/users\/1"}],"replies":[{"embeddable":true,"href":"https:\/\/crisafullipeinture.ch\/de\/wp-json\/wp\/v2\/comments?post=177"}],"version-history":[{"count":4,"href":"https:\/\/crisafullipeinture.ch\/de\/wp-json\/wp\/v2\/pages\/177\/revisions"}],"predecessor-version":[{"id":183,"href":"https:\/\/crisafullipeinture.ch\/de\/wp-json\/wp\/v2\/pages\/177\/revisions\/183"}],"wp:attachment":[{"href":"https:\/\/crisafullipeinture.ch\/de\/wp-json\/wp\/v2\/media?parent=177"}],"curies":[{"name":"wp","href":"https:\/\/api.w.org\/{rel}","templated":true}]}}